{"id":974,"date":"2024-05-09T09:07:48","date_gmt":"2024-05-09T07:07:48","guid":{"rendered":"https:\/\/www.stimvia.com\/?page_id=974"},"modified":"2024-05-09T09:07:49","modified_gmt":"2024-05-09T07:07:49","slug":"uris-application-support","status":"publish","type":"page","link":"https:\/\/www.stimvia.com\/en\/uris-application-support\/","title":{"rendered":"Uris application support"},"content":{"rendered":"<style>.kb-row-layout-id974_dcd526-21 > .kt-row-column-wrap{align-content:start;}:where(.kb-row-layout-id974_dcd526-21 > .kt-row-column-wrap) > .wp-block-kadence-column{justify-content:start;}.kb-row-layout-id974_dcd526-21 > .kt-row-column-wrap{column-gap:var(--global-kb-gap-md, 2rem);row-gap:var(--global-kb-gap-md, 2rem);max-width:1200px;margin-left:auto;margin-right:auto;padding-top:var(--global-kb-spacing-xl, 4rem);padding-bottom:var(--global-kb-spacing-lg, 3rem);grid-template-columns:repeat(2, minmax(0, 1fr));}.kb-row-layout-id974_dcd526-21 > .kt-row-layout-overlay{opacity:0.30;}@media all and (max-width: 1024px){.kb-row-layout-id974_dcd526-21 > .kt-row-column-wrap{grid-template-columns:minmax(0, 1fr);}}@media all and (max-width: 767px){.kb-row-layout-id974_dcd526-21 > .kt-row-column-wrap{grid-template-columns:minmax(0, 1fr);}}<\/style><div class=\"kb-row-layout-wrap kb-row-layout-id974_dcd526-21 alignnone wp-block-kadence-rowlayout\"><div class=\"kt-row-column-wrap kt-has-2-columns kt-row-layout-equal kt-tab-layout-row kt-mobile-layout-row kt-row-valign-top\">\n<style>.kadence-column974_344815-9d > .kt-inside-inner-col,.kadence-column974_344815-9d > .kt-inside-inner-col:before{border-top-left-radius:0px;border-top-right-radius:0px;border-bottom-right-radius:0px;border-bottom-left-radius:0px;}.kadence-column974_344815-9d > .kt-inside-inner-col{column-gap:var(--global-kb-gap-sm, 1rem);}.kadence-column974_344815-9d > .kt-inside-inner-col{flex-direction:column;}.kadence-column974_344815-9d > .kt-inside-inner-col > .aligncenter{width:100%;}.kadence-column974_344815-9d > .kt-inside-inner-col:before{opacity:0.3;}.kadence-column974_344815-9d{position:relative;}@media all and (max-width: 1024px){.kadence-column974_344815-9d > .kt-inside-inner-col{flex-direction:column;justify-content:center;}}@media all and (max-width: 767px){.kadence-column974_344815-9d > .kt-inside-inner-col{flex-direction:column;justify-content:center;}}<\/style>\n<div class=\"wp-block-kadence-column kadence-column974_344815-9d\"><div class=\"kt-inside-inner-col\">\n<h2 class=\"wp-block-heading\">Support with application need?<\/h2>\n\n\n\n<p>Please use this contact form, to contact URIS application support when you are unable to use the contact form inside the URIS application.<\/p>\n<\/div><\/div>\n\n\n<style>.kadence-column974_7b9374-cf > .kt-inside-inner-col,.kadence-column974_7b9374-cf > .kt-inside-inner-col:before{border-top-left-radius:0px;border-top-right-radius:0px;border-bottom-right-radius:0px;border-bottom-left-radius:0px;}.kadence-column974_7b9374-cf > .kt-inside-inner-col{column-gap:var(--global-kb-gap-sm, 1rem);}.kadence-column974_7b9374-cf > .kt-inside-inner-col{flex-direction:column;}.kadence-column974_7b9374-cf > .kt-inside-inner-col > .aligncenter{width:100%;}.kadence-column974_7b9374-cf > .kt-inside-inner-col:before{opacity:0.3;}.kadence-column974_7b9374-cf{position:relative;}@media all and (max-width: 1024px){.kadence-column974_7b9374-cf > .kt-inside-inner-col{flex-direction:column;justify-content:center;}}@media all and (max-width: 767px){.kadence-column974_7b9374-cf > .kt-inside-inner-col{flex-direction:column;justify-content:center;}}<\/style>\n<div class=\"wp-block-kadence-column kadence-column974_7b9374-cf\"><div class=\"kt-inside-inner-col\"><div class=\"wp-block-kadence-advanced-form wp-block-kadence-advanced-form970-cpt-id kb-form-basic-style wp-block-kadence-advanced-form\"><form id=\"kb-adv-form-970-cpt-id\" class=\"kb-advanced-form\" method=\"post\" data-error-message=\"Jedno nebo v\u00edce pol\u00ed obsahuje chybu. Pros\u00edme o kontrolu.\">\n<div class=\"kb-adv-form-field kb-adv-form-text-type-input kb-adv-form-infield-type-input kb-field97000b2bb-05 wp-block-kadence-advanced-form-text\"><label class=\"kb-adv-form-label\" for=\"field97000b2bb-05\">Name<\/label><input name=\"field00b2bb-05\" id=\"field97000b2bb-05\" data-label=\"Name\" type=\"text\" placeholder=\"\" value=\"\" data-type=\"text\" class=\"kb-field kb-text-field\" data-required=\"no\" \/><\/div>\n\n<div class=\"kb-adv-form-field kb-adv-form-text-type-input kb-adv-form-infield-type-input kb-field970ec27e2-37 wp-block-kadence-advanced-form-email\"><label class=\"kb-adv-form-label\" for=\"field970ec27e2-37\">Email<span class=\"kb-adv-form-required\">*<\/span><\/label><input name=\"fieldec27e2-37\" id=\"field970ec27e2-37\" data-label=\"Email\" type=\"email\" placeholder=\"\" value=\"\" data-type=\"email\" class=\"kb-field kb-email-field\" data-required=\"yes\" required aria-required=\"true\"\/><\/div>\n\n<style>.wp-block-kadence-advanced-form .kb-field970437142-df{max-width:100%;}<\/style><div class=\"kb-adv-form-field kb-adv-form-infield-type-input kb-field970437142-df wp-block-kadence-advanced-form-select\"><label class=\"kb-adv-form-label\" for=\"field970437142-df\">Support request<\/label><select  name=\"field437142-df\" id=\"field970437142-df\" ><option value=\"General application support\">General application support<\/option><option value=\"Delete account and associated data\">Delete account and associated data<\/option><option value=\"Delete some or all of user data\">Delete some or all of user data<\/option><\/select><\/div>\n\n<div class=\"kb-adv-form-field kb-adv-form-text-type-input kb-adv-form-infield-type-input kb-field970c8080e-6a wp-block-kadence-advanced-form-textarea\"><label class=\"kb-adv-form-label\" for=\"field970c8080e-6a\">Message<span class=\"kb-adv-form-required\">*<\/span><\/label><textarea name=\"fieldc8080e-6a\" id=\"field970c8080e-6a\" rows=\"3\"  data-label=\"Message\" placeholder=\"\" data-type=\"textarea\" class=\"kb-field kb-textarea-field\" data-required=\"yes\" required aria-required=\"true\"><\/textarea><\/div>\n\n<div class=\"kb-adv-form-field kb-field970a5840d-fa wp-block-kadence-advanced-form-accept\"><fieldset class=\"kb-radio-check-item-wrap\" id=\"cb970a5840d-fa\" data-type=\"accept\" data-required=\"yes\" ><div class=\"kb-radio-check-item\"><input name=\"fielda5840d-fa\" id=\"field970a5840d-fa_0\" data-label=\"\" type=\"checkbox\" value=\"accept\" data-type=\"accept\" class=\"kb-field kb-accept-field kb-checkbox-field\" data-required=\"yes\" required aria-required=\"true\"\/><label for=\"field970a5840d-fa_0\">I agree with\u00a0the <a href=\"https:\/\/www.stimvia.com\/en\/personal-data-processing-policy\/\" data-type=\"page\" data-id=\"528\" target=\"_blank\" rel=\"noreferrer noopener\">Personal Data Processing Policy<\/a><span class=\"kb-adv-form-required\">*<\/span><\/label><\/div><\/fieldset><\/div>\n\n<input type=\"hidden\" name=\"recaptcha_response\" class=\"kb_recaptcha_response kb_recaptcha_a32d5f-a5\" \/>\n\n<style>ul.menu .kb-submit-field .kb-btn6ebf1a-4e.kb-button{width:initial;}.kb-submit-field.kb-field6ebf1a-4e{justify-content:flex-start;}<\/style><div class=\"kb-adv-form-field kb-submit-field kb-field6ebf1a-4e wp-block-kadence-advanced-form-submit\"><button class=\"kb-button kt-button button kb-adv-form-submit-button kb-btn6ebf1a-4e kt-btn-size-standard kt-btn-width-type-auto kb-btn-global-fill kt-btn-has-text-true kt-btn-has-svg-false\" type=\"submit\"><span class=\"kt-btn-inner-text\">Submit<\/span><\/button><\/div>\n<input type=\"hidden\" name=\"_kb_adv_form_post_id\" value=\"970\"><input type=\"hidden\" name=\"action\" value=\"kb_process_advanced_form_submit\"><input type=\"hidden\" name=\"_kb_adv_form_id\" value=\"970-cpt-id\"><\/form><\/div><\/div><\/div>\n\n<\/div><\/div>\n\n<style>.kb-row-layout-id584_211c6b-3e > .kt-row-column-wrap{align-content:start;}:where(.kb-row-layout-id584_211c6b-3e > .kt-row-column-wrap) > .wp-block-kadence-column{justify-content:start;}.kb-row-layout-id584_211c6b-3e > .kt-row-column-wrap{column-gap:var(--global-kb-gap-md, 2rem);row-gap:var(--global-kb-gap-lg, 4rem);padding-top:var(--global-kb-spacing-lg, 3rem);padding-bottom:var(--global-kb-spacing-3xl, 6.5rem);}.kb-row-layout-id584_211c6b-3e > .kt-row-column-wrap > div:not(.added-for-specificity){grid-column:initial;}.kb-row-layout-id584_211c6b-3e > .kt-row-column-wrap{grid-template-columns:repeat(3, minmax(0, 1fr));}.kb-row-layout-id584_211c6b-3e > .kt-row-layout-overlay{opacity:0.30;}@media all and (max-width: 1024px){.kb-row-layout-id584_211c6b-3e > .kt-row-column-wrap{padding-top:var(--global-kb-spacing-sm, 1.5rem);grid-template-columns:minmax(0, 1fr);}}@media all and (max-width: 1024px){.kb-row-layout-id584_211c6b-3e > .kt-row-column-wrap > div:not(.added-for-specificity){grid-column:initial;}}@media all and (max-width: 767px){.kb-row-layout-id584_211c6b-3e > .kt-row-column-wrap > div:not(.added-for-specificity){grid-column:initial;}.kb-row-layout-id584_211c6b-3e > .kt-row-column-wrap{grid-template-columns:minmax(0, 1fr);}}<\/style><div class=\"kb-row-layout-wrap kb-row-layout-id584_211c6b-3e alignnone wp-block-kadence-rowlayout\"><div class=\"kt-row-column-wrap kt-has-3-columns kt-row-layout-equal kt-tab-layout-row kt-mobile-layout-row kt-row-valign-top\">\n<style>.kadence-column584_5425d9-2b > .kt-inside-inner-col,.kadence-column584_5425d9-2b > .kt-inside-inner-col:before{border-top-left-radius:0px;border-top-right-radius:0px;border-bottom-right-radius:0px;border-bottom-left-radius:0px;}.kadence-column584_5425d9-2b > .kt-inside-inner-col{column-gap:var(--global-kb-gap-sm, 1rem);}.kadence-column584_5425d9-2b > .kt-inside-inner-col{flex-direction:column;}.kadence-column584_5425d9-2b > .kt-inside-inner-col > .aligncenter{width:100%;}.kadence-column584_5425d9-2b > .kt-inside-inner-col:before{opacity:0.3;}.kadence-column584_5425d9-2b{position:relative;}@media all and (max-width: 1024px){.kadence-column584_5425d9-2b > .kt-inside-inner-col{flex-direction:column;justify-content:center;}}@media all and (max-width: 767px){.kadence-column584_5425d9-2b > .kt-inside-inner-col{flex-direction:column;justify-content:center;}}<\/style>\n<div class=\"wp-block-kadence-column kadence-column584_5425d9-2b\"><div class=\"kt-inside-inner-col\">\n<h2 class=\"wp-block-heading\">Company headquarters<\/h2>\n\n\n\n<p><strong>Stimvia s.r.o.<\/strong><br>Technologick\u00e1 376\/5<br>Ostrava \u2013 Pustkovec<br>708 00 Czech Republic<\/p>\n\n\n\n<p>Company ID: <strong>03173925<\/strong><br>Company registered in the Commercial Register maintained by the Regional Court in Ostrava under File No. C 59465<\/p>\n<\/div><\/div>\n\n\n<style>.kadence-column584_b48042-8e > .kt-inside-inner-col,.kadence-column584_b48042-8e > .kt-inside-inner-col:before{border-top-left-radius:0px;border-top-right-radius:0px;border-bottom-right-radius:0px;border-bottom-left-radius:0px;}.kadence-column584_b48042-8e > .kt-inside-inner-col{column-gap:var(--global-kb-gap-sm, 1rem);}.kadence-column584_b48042-8e > .kt-inside-inner-col{flex-direction:column;}.kadence-column584_b48042-8e > .kt-inside-inner-col > .aligncenter{width:100%;}.kadence-column584_b48042-8e > .kt-inside-inner-col:before{opacity:0.3;}.kadence-column584_b48042-8e{position:relative;}@media all and (max-width: 1024px){.kadence-column584_b48042-8e > .kt-inside-inner-col{flex-direction:column;justify-content:center;}}@media all and (max-width: 767px){.kadence-column584_b48042-8e > .kt-inside-inner-col{flex-direction:column;justify-content:center;}}<\/style>\n<div class=\"wp-block-kadence-column kadence-column584_b48042-8e\"><div class=\"kt-inside-inner-col\">\n<h2 class=\"wp-block-heading\">Branch Pardubice<\/h2>\n\n\n\n<p><strong>Stimvia s.r.o.<\/strong><br>Ro\u017ekova 120<br>Pardubice V &#8211; Zelen\u00e9 P\u0159edm\u011bst\u00ed<br>530 02 Czech Republic<\/p>\n<\/div><\/div>\n\n\n<style>.kadence-column584_896707-b7 > .kt-inside-inner-col,.kadence-column584_896707-b7 > .kt-inside-inner-col:before{border-top-left-radius:0px;border-top-right-radius:0px;border-bottom-right-radius:0px;border-bottom-left-radius:0px;}.kadence-column584_896707-b7 > .kt-inside-inner-col{column-gap:var(--global-kb-gap-sm, 1rem);}.kadence-column584_896707-b7 > .kt-inside-inner-col{flex-direction:column;}.kadence-column584_896707-b7 > .kt-inside-inner-col > .aligncenter{width:100%;}.kadence-column584_896707-b7 > .kt-inside-inner-col:before{opacity:0.3;}.kadence-column584_896707-b7{position:relative;}@media all and (max-width: 1024px){.kadence-column584_896707-b7 > .kt-inside-inner-col{flex-direction:column;justify-content:center;}}@media all and (max-width: 767px){.kadence-column584_896707-b7 > .kt-inside-inner-col{flex-direction:column;justify-content:center;}}<\/style>\n<div class=\"wp-block-kadence-column kadence-column584_896707-b7\"><div class=\"kt-inside-inner-col\">\n<h2 class=\"wp-block-heading\">Kontakty<\/h2>\n\n\n\n<p>General questions: <a href=\"mailto:contact@stimvia.com\">contact@stimvia.com<\/a><br>For media: <a href=\"mailto:media@stimvia.com\">media@stimvia.com<\/a><br>Data box: <strong>cnqkc8f<\/strong><\/p>\n\n\n\n<ul class=\"wp-block-social-links has-visible-labels is-style-logos-only is-layout-flex wp-block-social-links-is-layout-flex\"><li class=\"wp-social-link wp-social-link-linkedin  wp-block-social-link\"><a href=\"https:\/\/www.linkedin.com\/company\/stimvia\" class=\"wp-block-social-link-anchor\" target=\"_blank\" rel=\"noopener\"><svg width=\"24\" height=\"24\" viewBox=\"0 0 24 24\" version=\"1.1\" xmlns=\"http:\/\/www.w3.org\/2000\/svg\" aria-hidden=\"true\" focusable=\"false\"><path d=\"M19.7,3H4.3C3.582,3,3,3.582,3,4.3v15.4C3,20.418,3.582,21,4.3,21h15.4c0.718,0,1.3-0.582,1.3-1.3V4.3 C21,3.582,20.418,3,19.7,3z M8.339,18.338H5.667v-8.59h2.672V18.338z M7.004,8.574c-0.857,0-1.549-0.694-1.549-1.548 c0-0.855,0.691-1.548,1.549-1.548c0.854,0,1.547,0.694,1.547,1.548C8.551,7.881,7.858,8.574,7.004,8.574z M18.339,18.338h-2.669 v-4.177c0-0.996-0.017-2.278-1.387-2.278c-1.389,0-1.601,1.086-1.601,2.206v4.249h-2.667v-8.59h2.559v1.174h0.037 c0.356-0.675,1.227-1.387,2.526-1.387c2.703,0,3.203,1.779,3.203,4.092V18.338z\"><\/path><\/svg><span class=\"wp-block-social-link-label\">LinkedIN Stimvia<\/span><\/a><\/li><\/ul>\n<\/div><\/div>\n\n<\/div><\/div>","protected":false},"excerpt":{"rendered":"<p>Support with application need? Please use this contact form, to contact URIS application support when you are unable to use the contact form inside the URIS application. Company headquarters Stimvia s.r.o.Technologick\u00e1 376\/5Ostrava \u2013 Pustkovec708 00 Czech Republic Company ID: 03173925Company registered in the Commercial Register maintained by the Regional Court in Ostrava under File No&#8230;.<\/p>\n","protected":false},"author":3,"featured_media":0,"parent":0,"menu_order":0,"comment_status":"closed","ping_status":"closed","template":"","meta":{"_kad_post_transparent":"","_kad_post_title":"","_kad_post_layout":"","_kad_post_sidebar_id":"","_kad_post_content_style":"","_kad_post_vertical_padding":"","_kad_post_feature":"","_kad_post_feature_position":"","_kad_post_header":false,"_kad_post_footer":false,"footnotes":""},"class_list":["post-974","page","type-page","status-publish","hentry"],"_links":{"self":[{"href":"https:\/\/www.stimvia.com\/en\/wp-json\/wp\/v2\/pages\/974","targetHints":{"allow":["GET"]}}],"collection":[{"href":"https:\/\/www.stimvia.com\/en\/wp-json\/wp\/v2\/pages"}],"about":[{"href":"https:\/\/www.stimvia.com\/en\/wp-json\/wp\/v2\/types\/page"}],"author":[{"embeddable":true,"href":"https:\/\/www.stimvia.com\/en\/wp-json\/wp\/v2\/users\/3"}],"replies":[{"embeddable":true,"href":"https:\/\/www.stimvia.com\/en\/wp-json\/wp\/v2\/comments?post=974"}],"version-history":[{"count":3,"href":"https:\/\/www.stimvia.com\/en\/wp-json\/wp\/v2\/pages\/974\/revisions"}],"predecessor-version":[{"id":986,"href":"https:\/\/www.stimvia.com\/en\/wp-json\/wp\/v2\/pages\/974\/revisions\/986"}],"wp:attachment":[{"href":"https:\/\/www.stimvia.com\/en\/wp-json\/wp\/v2\/media?parent=974"}],"curies":[{"name":"wp","href":"https:\/\/api.w.org\/{rel}","templated":true}]}}